{"id":442,"date":"2022-06-13T15:44:07","date_gmt":"2022-06-13T15:44:07","guid":{"rendered":"https:\/\/alotruandar.com\/envios-y-devoluciones\/"},"modified":"2022-06-15T10:40:13","modified_gmt":"2022-06-15T10:40:13","slug":"envios-y-devoluciones","status":"publish","type":"page","link":"https:\/\/alotruandar.com\/es\/envios-y-devoluciones\/","title":{"rendered":"Env\u00edos y devoluciones"},"content":{"rendered":"<p>[et_pb_section fb_built=\u00bb1&#8243; _builder_version=\u00bb4.16&#8243; global_colors_info=\u00bb{}\u00bb][et_pb_row _builder_version=\u00bb4.17.4&#8243; _module_preset=\u00bbdefault\u00bb global_colors_info=\u00bb{}\u00bb][et_pb_column type=\u00bb4_4&#8243; _builder_version=\u00bb4.17.4&#8243; _module_preset=\u00bbdefault\u00bb global_colors_info=\u00bb{}\u00bb][et_pb_text _builder_version=\u00bb4.17.4&#8243; _module_preset=\u00bbdefault\u00bb header_font=\u00bb|800|||||||\u00bb header_text_align=\u00bbcenter\u00bb header_font_size=\u00bb38px\u00bb hover_enabled=\u00bb0&#8243; global_colors_info=\u00bb{}\u00bb sticky_enabled=\u00bb0&#8243;]<\/p>\n<h1>Env\u00edos y devoluciones<\/h1>\n<p>[\/et_pb_text][\/et_pb_column][\/et_pb_row][et_pb_row column_structure=\u00bb1_2,1_2&#8243; _builder_version=\u00bb4.16&#8243; background_size=\u00bbinitial\u00bb background_position=\u00bbtop_left\u00bb background_repeat=\u00bbrepeat\u00bb global_colors_info=\u00bb{}\u00bb][et_pb_column type=\u00bb1_2&#8243; _builder_version=\u00bb4.16&#8243; custom_padding=\u00bb|||\u00bb global_colors_info=\u00bb{}\u00bb custom_padding__hover=\u00bb|||\u00bb][et_pb_text _builder_version=\u00bb4.17.4&#8243; background_size=\u00bbinitial\u00bb background_position=\u00bbtop_left\u00bb background_repeat=\u00bbrepeat\u00bb hover_enabled=\u00bb0&#8243; global_colors_info=\u00bb{}\u00bb sticky_enabled=\u00bb0&#8243;]<\/p>\n<p><!-- divi:heading --><\/p>\n<h2><strong>Env\u00edos<\/strong><\/h2>\n<p>Los\u00a0 env\u00edos empezaremos haci\u00e9ndolos los<strong> Viernes.<\/strong><\/p>\n<p>Mandaremos los paquetes <strong>certificados<\/strong> por <strong>Correos<\/strong>, con un plazo de entrega de entre <strong>24 y 72 horas<\/strong>. Al comprar, \u00a0puedes elegir si quieres que el paquete se env\u00ede a tu direcci\u00f3n o a una oficina Correos para que lo recojas all\u00ed.<\/p>\n<p>Nada m\u00e1s que se env\u00ede el paquete, te enviaremos un enllace para que le hagas un <strong>seguimiento<\/strong>.<\/p>\n<p>Si quieres hacerlo de otra manera, tienes alguna urgencia o cualquier cosa que quieras, escr\u00edbenos al mail <a href=\"mailto:m@alotruandar.com\">m@alotruandar.com<\/a>, av\u00edsanos desde el <strong>formulario de contacto<\/strong> o por tel\u00e9fono y hablaremos de posibles soluciones.<\/p>\n<p><!-- \/divi:paragraph --><\/p>\n<p>[\/et_pb_text][\/et_pb_column][et_pb_column type=\u00bb1_2&#8243; _builder_version=\u00bb4.16&#8243; custom_padding=\u00bb|||\u00bb global_colors_info=\u00bb{}\u00bb custom_padding__hover=\u00bb|||\u00bb][et_pb_text _builder_version=\u00bb4.17.4&#8243; header_2_font=\u00bb|700|||||||\u00bb background_size=\u00bbinitial\u00bb background_position=\u00bbtop_left\u00bb background_repeat=\u00bbrepeat\u00bb hover_enabled=\u00bb0&#8243; global_colors_info=\u00bb{}\u00bb sticky_enabled=\u00bb0&#8243;]<\/p>\n<p><!-- divi:heading --><\/p>\n<h2>Cambios y devoluciones<\/h2>\n<p>Aceptamos \u00a0cambios y devoluciones (dentro de los<strong> 15 d\u00edas naturales desde la recepci\u00f3n<\/strong> del mismu) si el productu se devuelve en <strong>buen estado o si este tien alg\u00fan fallo<\/strong>.<\/p>\n<p>Los gastos de env\u00edo del art\u00edculo a devolver corren de cuenta del comprador (a no ser que est\u00e9 defectuoso).<\/p>\n<p>En caso de devoluci\u00f3n, el dinero se abona en la misma cuenta o tarjeta desde la que se hizo la compra.<\/p>\n<p>Si se trata de un <strong>cambio talla<\/strong>, la persona compradora tiene que abonar el nuevo gastu de env\u00edu a trav\u00e9s de Bizum, PayPal o transferencia bancaria.<\/p>\n<p>Si <strong>est\u00e1 defectoso o tiene alg\u00fan otro fallo<\/strong>, asumimos el coste del env\u00edo. Para m\u00e1s informaci\u00f3n, d\u00ednos y te responderemos\u00a0 a la mayor brevedad posible.<\/p>\n<p>Acu\u00e9rdate de presta atenci\u00f3n a la gu\u00eda de tallas. La ropa no tiene por qu\u00e9 tallar como tu ropa de siempre y no todos los modelos tallan igual.<\/p>\n<p><!-- \/divi:paragraph --><\/p>\n<p>[\/et_pb_text][\/et_pb_column][\/et_pb_row][\/et_pb_section]<\/p>\n","protected":false},"excerpt":{"rendered":"<p>Env\u00edos y devoluciones Env\u00edos Los\u00a0 env\u00edos empezaremos haci\u00e9ndolos los Viernes. Mandaremos los paquetes certificados por Correos, con un plazo de entrega de entre 24 y 72 horas. Al comprar, \u00a0puedes elegir si quieres que el paquete se env\u00ede a tu direcci\u00f3n o a una oficina Correos para que lo recojas all\u00ed. Nada m\u00e1s que se [&hellip;]<\/p>\n","protected":false},"author":1,"featured_media":0,"parent":0,"menu_order":0,"comment_status":"closed","ping_status":"closed","template":"","meta":{"_seopress_robots_primary_cat":"","_seopress_titles_title":"","_seopress_titles_desc":"","_seopress_robots_index":"","_et_pb_use_builder":"on","_et_pb_old_content":"","_et_gb_content_width":"","footnotes":""},"class_list":["post-442","page","type-page","status-publish","hentry"],"_links":{"self":[{"href":"https:\/\/alotruandar.com\/es\/wp-json\/wp\/v2\/pages\/442","targetHints":{"allow":["GET"]}}],"collection":[{"href":"https:\/\/alotruandar.com\/es\/wp-json\/wp\/v2\/pages"}],"about":[{"href":"https:\/\/alotruandar.com\/es\/wp-json\/wp\/v2\/types\/page"}],"author":[{"embeddable":true,"href":"https:\/\/alotruandar.com\/es\/wp-json\/wp\/v2\/users\/1"}],"replies":[{"embeddable":true,"href":"https:\/\/alotruandar.com\/es\/wp-json\/wp\/v2\/comments?post=442"}],"version-history":[{"count":4,"href":"https:\/\/alotruandar.com\/es\/wp-json\/wp\/v2\/pages\/442\/revisions"}],"predecessor-version":[{"id":455,"href":"https:\/\/alotruandar.com\/es\/wp-json\/wp\/v2\/pages\/442\/revisions\/455"}],"wp:attachment":[{"href":"https:\/\/alotruandar.com\/es\/wp-json\/wp\/v2\/media?parent=442"}],"curies":[{"name":"wp","href":"https:\/\/api.w.org\/{rel}","templated":true}]}}