{"id":1774,"date":"2022-11-30T21:54:56","date_gmt":"2022-11-30T21:54:56","guid":{"rendered":"https:\/\/alotruandar.com\/?post_type=product&#038;p=1774"},"modified":"2022-12-15T09:16:20","modified_gmt":"2022-12-15T09:16:20","slug":"camiseta-718-guah-es","status":"publish","type":"product","link":"https:\/\/alotruandar.com\/es\/producto\/camiseta-718-guah-es\/","title":{"rendered":"camiseta 718 guah.es"},"content":{"rendered":"","protected":false},"excerpt":{"rendered":"<p>Quien de peque\u00f1@ es un\/a calavera, no tiene arreglo.<\/p>\n<p>As\u00ed que es mejor ir elegante por lo menos&#8230;<\/p>\n<p>Hecha en algod\u00f3n 100% org\u00e1nico y estampada con cari\u00f1o.<\/p>\n<p>talles 3\/4, 5\/6.<\/p>\n<a href='https:\/\/alotruandar.com\/wp-content\/uploads\/2022\/07\/TALLES-CAMISETA-GUAH.E.png' class='small-button smallgreen'>GU\u00cdA DE TALLAS<\/a>\n<p>CAMISETA NI\u00d1@S<br \/>\n100% ALGOD\u00d3N ORG\u00c1NICO<br \/>\nCOLOR CARMINE RED<br \/>\nSERIGRAFIADA A MANO<\/p>\n","protected":false},"featured_media":2816,"comment_status":"open","ping_status":"closed","template":"","meta":{"_seopress_robots_primary_cat":"none","_seopress_titles_title":"","_seopress_titles_desc":"","_seopress_robots_index":"","_et_pb_use_builder":"","_et_pb_old_content":"","_et_gb_content_width":""},"product_brand":[],"product_cat":[85],"product_tag":[],"class_list":{"0":"post-1774","1":"product","2":"type-product","3":"status-publish","4":"has-post-thumbnail","6":"product_cat-guah-es-es","7":"pa_talla-2-4-es","8":"pa_talla-4-6-es","9":"pa_talla-6-8-es","10":"pa_talla-8-10-es","11":"pa_talla-10-12-es","12":"pa_talla-12-14-es","14":"first","15":"instock","16":"taxable","17":"shipping-taxable","18":"purchasable","19":"product-type-variable"},"_links":{"self":[{"href":"https:\/\/alotruandar.com\/es\/wp-json\/wp\/v2\/product\/1774","targetHints":{"allow":["GET"]}}],"collection":[{"href":"https:\/\/alotruandar.com\/es\/wp-json\/wp\/v2\/product"}],"about":[{"href":"https:\/\/alotruandar.com\/es\/wp-json\/wp\/v2\/types\/product"}],"replies":[{"embeddable":true,"href":"https:\/\/alotruandar.com\/es\/wp-json\/wp\/v2\/comments?post=1774"}],"wp:featuredmedia":[{"embeddable":true,"href":"https:\/\/alotruandar.com\/es\/wp-json\/wp\/v2\/media\/2816"}],"wp:attachment":[{"href":"https:\/\/alotruandar.com\/es\/wp-json\/wp\/v2\/media?parent=1774"}],"wp:term":[{"taxonomy":"product_brand","embeddable":true,"href":"https:\/\/alotruandar.com\/es\/wp-json\/wp\/v2\/product_brand?post=1774"},{"taxonomy":"product_cat","embeddable":true,"href":"https:\/\/alotruandar.com\/es\/wp-json\/wp\/v2\/product_cat?post=1774"},{"taxonomy":"product_tag","embeddable":true,"href":"https:\/\/alotruandar.com\/es\/wp-json\/wp\/v2\/product_tag?post=1774"}],"curies":[{"name":"wp","href":"https:\/\/api.w.org\/{rel}","templated":true}]}}