{"id":1800,"date":"2022-11-30T23:13:54","date_gmt":"2022-11-30T23:13:54","guid":{"rendered":"https:\/\/alotruandar.com\/?post_type=product&#038;p=1800"},"modified":"2022-12-04T18:47:21","modified_gmt":"2022-12-04T18:47:21","slug":"camiseta-guah-es-urriellu","status":"publish","type":"product","link":"https:\/\/alotruandar.com\/es\/producto\/camiseta-guah-es-urriellu\/","title":{"rendered":"camiseta ni\u00f1o\/a URRIELLU"},"content":{"rendered":"","protected":false},"excerpt":{"rendered":"<p>La talla puede ser peque\u00f1a,<\/p>\n<p>pero la chavaler\u00eda es grande como el URRIELLU por lo menos.<\/p>\n<p>&nbsp;<\/p>\n<p>Hecha en algod\u00f3n 100% org\u00e1nico y estampada con cari\u00f1o.<\/p>\n<p>tallas 3\/4, 5\/6.<\/p>\n<a href='https:\/\/alotruandar.com\/wp-content\/uploads\/2022\/07\/TALLES-CAMISETA-GUAH.E.png' class='small-button smallgreen'>GU\u00cdA DE TALLAS<\/a>\n<p>CAMISETA NI\u00d1@S<br \/>\n100% ALGOD\u00d3N ORG\u00c1NICO<br \/>\nCOLOR ANTRACITA<br \/>\nSERIGRAFIADA A MANO<\/p>\n","protected":false},"featured_media":1778,"comment_status":"open","ping_status":"closed","template":"","meta":{"_seopress_robots_primary_cat":"none","_seopress_titles_title":"","_seopress_titles_desc":"","_seopress_robots_index":"","_et_pb_use_builder":"","_et_pb_old_content":"","_et_gb_content_width":""},"product_brand":[],"product_cat":[85],"product_tag":[],"class_list":{"0":"post-1800","1":"product","2":"type-product","3":"status-publish","4":"has-post-thumbnail","6":"product_cat-guah-es-es","7":"pa_talla-5-6-es","8":"pa_talla-7-8-es","9":"pa_talla-9-11-es","11":"first","12":"instock","13":"taxable","14":"shipping-taxable","15":"purchasable","16":"product-type-variable"},"_links":{"self":[{"href":"https:\/\/alotruandar.com\/es\/wp-json\/wp\/v2\/product\/1800","targetHints":{"allow":["GET"]}}],"collection":[{"href":"https:\/\/alotruandar.com\/es\/wp-json\/wp\/v2\/product"}],"about":[{"href":"https:\/\/alotruandar.com\/es\/wp-json\/wp\/v2\/types\/product"}],"replies":[{"embeddable":true,"href":"https:\/\/alotruandar.com\/es\/wp-json\/wp\/v2\/comments?post=1800"}],"wp:featuredmedia":[{"embeddable":true,"href":"https:\/\/alotruandar.com\/es\/wp-json\/wp\/v2\/media\/1778"}],"wp:attachment":[{"href":"https:\/\/alotruandar.com\/es\/wp-json\/wp\/v2\/media?parent=1800"}],"wp:term":[{"taxonomy":"product_brand","embeddable":true,"href":"https:\/\/alotruandar.com\/es\/wp-json\/wp\/v2\/product_brand?post=1800"},{"taxonomy":"product_cat","embeddable":true,"href":"https:\/\/alotruandar.com\/es\/wp-json\/wp\/v2\/product_cat?post=1800"},{"taxonomy":"product_tag","embeddable":true,"href":"https:\/\/alotruandar.com\/es\/wp-json\/wp\/v2\/product_tag?post=1800"}],"curies":[{"name":"wp","href":"https:\/\/api.w.org\/{rel}","templated":true}]}}