{"id":929,"date":"2022-08-20T10:00:47","date_gmt":"2022-08-20T10:00:47","guid":{"rendered":"https:\/\/alotruandar.com\/producto\/camiseta-m\/"},"modified":"2023-09-29T16:58:33","modified_gmt":"2023-09-29T16:58:33","slug":"camiseta-m","status":"publish","type":"product","link":"https:\/\/alotruandar.com\/es\/producto\/camiseta-m\/","title":{"rendered":"camiseta (m)"},"content":{"rendered":"<blockquote>\n<\/blockquote>\n","protected":false},"excerpt":{"rendered":"<p>Si haces las cosas al otru andar y adem\u00e1s te gusta esta camiseta, no le des m\u00e1s vueltas.<\/p>\n<p>Est\u00e1 hecha con algod\u00f3n 100% org\u00e1nico y te va sentar muy bi\u00e9n.<\/p>\n<p>tallas XS, S, M, L ,XL, XXL.<\/p>\n<a href='https:\/\/alotruandar.com\/wp-content\/uploads\/2022\/07\/TALLES-CAMISETA-UNISEX.png' class='small-button smallgreen' target=\"_blank\">GU\u00cdA DE TALLAS<\/a>\n<p>CAMISETA UNISEX<br \/>\n100% ALGOD\u00d3N ORG\u00c1NICO<br \/>\nCOLOR SAGE<br \/>\nSERIGRAFIADA A MANO<\/p>\n","protected":false},"featured_media":750,"comment_status":"open","ping_status":"closed","template":"","meta":{"_seopress_robots_primary_cat":"none","_seopress_titles_title":"","_seopress_titles_desc":"","_seopress_robots_index":"","_et_pb_use_builder":"","_et_pb_old_content":"","_et_gb_content_width":""},"product_brand":[],"product_cat":[50],"product_tag":[],"class_list":{"0":"post-929","1":"product","2":"type-product","3":"status-publish","4":"has-post-thumbnail","6":"product_cat-camisetas","7":"pa_talla-xs-es","8":"pa_talla-s-es","9":"pa_talla-m-es","10":"pa_talla-l-es","11":"pa_talla-xl-es","12":"pa_talla-xxl-es","14":"first","15":"instock","16":"taxable","17":"shipping-taxable","18":"purchasable","19":"product-type-variable"},"_links":{"self":[{"href":"https:\/\/alotruandar.com\/es\/wp-json\/wp\/v2\/product\/929","targetHints":{"allow":["GET"]}}],"collection":[{"href":"https:\/\/alotruandar.com\/es\/wp-json\/wp\/v2\/product"}],"about":[{"href":"https:\/\/alotruandar.com\/es\/wp-json\/wp\/v2\/types\/product"}],"replies":[{"embeddable":true,"href":"https:\/\/alotruandar.com\/es\/wp-json\/wp\/v2\/comments?post=929"}],"wp:featuredmedia":[{"embeddable":true,"href":"https:\/\/alotruandar.com\/es\/wp-json\/wp\/v2\/media\/750"}],"wp:attachment":[{"href":"https:\/\/alotruandar.com\/es\/wp-json\/wp\/v2\/media?parent=929"}],"wp:term":[{"taxonomy":"product_brand","embeddable":true,"href":"https:\/\/alotruandar.com\/es\/wp-json\/wp\/v2\/product_brand?post=929"},{"taxonomy":"product_cat","embeddable":true,"href":"https:\/\/alotruandar.com\/es\/wp-json\/wp\/v2\/product_cat?post=929"},{"taxonomy":"product_tag","embeddable":true,"href":"https:\/\/alotruandar.com\/es\/wp-json\/wp\/v2\/product_tag?post=929"}],"curies":[{"name":"wp","href":"https:\/\/api.w.org\/{rel}","templated":true}]}}